{"id":58,"date":"2022-07-17T11:26:07","date_gmt":"2022-07-17T11:26:07","guid":{"rendered":"http:\/\/der-anwaltende.de\/?page_id=58"},"modified":"2022-07-17T11:26:07","modified_gmt":"2022-07-17T11:26:07","slug":"willkommen","status":"publish","type":"page","link":"https:\/\/der-anwaltende.de\/willkommen\/","title":{"rendered":"Willkommen!"},"content":{"rendered":"\n<p>&#8222;Ist dies schon Wahnsinn, so hat es doch Methode&#8220; (Shakespeare, \u00bbHamlet\u00ab II, 2).<\/p>\n\n\n\n<figure class=\"wp-block-image size-large is-resized\"><img src=\"http:\/\/der-anwaltende.de\/wp-content\/uploads\/2022\/07\/Christian-Sitter-1024x1024.jpg\" alt=\"\" class=\"wp-image-54\" width=\"216\" height=\"216\" srcset=\"https:\/\/der-anwaltende.de\/wp-content\/uploads\/2022\/07\/Christian-Sitter.jpg 1024w, https:\/\/der-anwaltende.de\/wp-content\/uploads\/2022\/07\/Christian-Sitter-300x300.jpg 300w, https:\/\/der-anwaltende.de\/wp-content\/uploads\/2022\/07\/Christian-Sitter-150x150.jpg 150w, https:\/\/der-anwaltende.de\/wp-content\/uploads\/2022\/07\/Christian-Sitter-768x768.jpg 768w, https:\/\/der-anwaltende.de\/wp-content\/uploads\/2022\/07\/Christian-Sitter-676x676.jpg 676w\" sizes=\"(max-width: 216px) 100vw, 216px\" \/><\/figure>\n\n\n\n<p>Es ist ein wundersch\u00f6ner Fr\u00fchlingsmorgen, als ich das Geb\u00e4ude des OLG Jena betrete.<\/p>\n\n\n\n<p>Vor der Sicherheitsschleuse grinst der Gerichtsmitarbeiter mich breit an, als ich ihm meinen Anwaltsausweis zeige: <\/p>\n\n\n\n<p class=\"has-text-color\" style=\"color:#a00f0f\"><em>\u201eAha, Sie sind ein Anwaltender!\u201c<\/em><\/p>\n\n\n\n<p>\u00c4\u00e4\u00e4\u00e4h\u2026. Pardon?<\/p>\n\n\n\n<p><em><mark style=\"background-color:rgba(0, 0, 0, 0);color:#a02020\" class=\"has-inline-color\">\u201eJa, wir gehen doch jetzt mit der Zeit, also verwenden wir jetzt hier ganz offiziell geschlechtsneutrale Begriffe.\u201c<\/mark><\/em><\/p>\n\n\n\n<p>Ich brauche einen Moment, um zu begreifen. Wahrscheinlich war der \u2013 nat\u00fcrlich gr\u00fcne \u2013 Justizminister gestern zu Besuch und hat das hohe Lied von der Modernisierung der Justiz gesungen. Zum Beispiel, dass es nur noch zwei, drei Jahre dauert, bis das Gericht <em>\u201evoll digital\u201c sei<\/em>.&nbsp; Bis dahin schickt die Anwaltschaft ihre Schrifts\u00e4tze \u00fcber ihr extra f\u00fcr viel Geld (der Anw\u00e4lte nat\u00fcrlich) eingerichtetes \u201ebesonderes Anwaltspostfach\u201c (\u201ebeA\u201c) an das Gericht, wo dann die tatkr\u00e4ftigen Mitarbeiter alles ausdrucken und dem Richter vorlegen, der dann verf\u00fcgt, dass die Sendung per Post (!) an den anderen Anwalt geschickt werde.&nbsp;<\/p>\n\n\n\n<p>DAS ist mit Modernisierung der Justiz nat\u00fcrlich NICHT gemeint. Aber gewiss hat der Herr Minister seine Mitarbeitenden darauf hingewiesen, dass jede\/r (m.w.d) ab sofort einen einklagbaren Anspruch darauf hat, mit seinem tats\u00e4chlichen Geschlecht bezeichnet zu werden. Davon gibt es mittlerweile 60 <\/p>\n\n\n\n<p>(<a href=\"https:\/\/www.wiwo.de\/politik\/deutschland\/werner-knallhart-der-gender-diskriminiert-alle-gender\/19206140.html\">https:\/\/www.wiwo.de\/politik\/deutschland\/werner-knallhart-der-gender-diskriminiert-alle-gender\/19206140.html<\/a>). <\/p>\n\n\n\n<p>Oder 72 <\/p>\n\n\n\n<p>(<a href=\"https:\/\/de.wikipedia.org\/wiki\/Nichtbin%C3%A4re_Geschlechtsidentit%C3%A4t\">https:\/\/de.wikipedia.org\/wiki\/Nichtbin%C3%A4re_Geschlechtsidentit%C3%A4t<\/a>). <\/p>\n\n\n\n<p>Oder unendlich viele <\/p>\n\n\n\n<p>(<a href=\"https:\/\/www.wmn.de\/love\/selbstliebe\/wie-viele-geschlechter-gibt-es-id267800#h-wie-viele-geschlechter-gibt-es-oft-mangelt-es-an-respekt\">https:\/\/www.wmn.de\/love\/selbstliebe\/wie-viele-geschlechter-gibt-es-id267800#h-wie-viele-geschlechter-gibt-es-oft-mangelt-es-an-respekt<\/a>). #<\/p>\n\n\n\n<p>Und wer die nicht spontan alle aufz\u00e4hlen kann, hat gef\u00e4lligst eben eine neutrale Formulierung w\u00e4hlen.<\/p>\n\n\n\n<p><strong><mark style=\"background-color:rgba(0, 0, 0, 0);color:#991c1c\" class=\"has-inline-color\">Und das war die Geburtsstunde des \u201eAnwaltenden\u201c.<\/mark><\/strong><\/p>\n\n\n\n<p>Ich mein\u2018, es ist ja nur fair:<\/p>\n\n\n\n<ul><li>wir haben Krieg in Europa,<\/li><li>die W\u00e4hrung bricht ein,<\/li><li>die Gas- und Benzinpreise explodieren,<\/li><li>die Lebensmittelpreise gleich mit,<\/li><li>wir m\u00fcssen uns auf das gro\u00dfe Frieren im Winter einstellen,<\/li><li>die Krankenh\u00e4user und Pflegestationen pfeifen aus dem letzten Loch,<\/li><li>Schulen und Stra\u00dfen marodieren,<\/li><li>Handwerksbetriebe haben nicht nur kaum Nachwuchs, sondern neuerdings auch ein Riesenproblem, ihr Material, wenn \u00fcberhaupt, einigerma\u00dfen erschwinglich zu beziehen\u2026<\/li><\/ul>\n\n\n\n<p>\u2026 aber daf\u00fcr<\/p>\n\n\n\n<ul><li>echauffieren wir uns gerade sehr \u00fcber \u201esexistische\u201c Liedtexte,<\/li><li>verknacken wir die Deutsche Bahn AG zu Schmerzensgeld, weil sie eine Person (m,w,d), die sich heute einmal als \u201epangender\u201c definiert, auf dem Onlineformular zur Bestellung von Tickets nicht auch so anspricht,<\/li><li>verbieten wir Wissenschaftlern, in Vortr\u00e4gen in der Uni ihre Meinung kundzutun, es auch k\u00fcnftig ganz gern mit zwei Geschlechtern halten zu wollen,<\/li><li>und damit es auch jeder versteht, gehen wir stramm auf die 100 Gender-Lehrst\u00fchle an deutschen Universit\u00e4ten zu. Nat\u00fcrlich auf Kosten der Natur- und anderen wichtigen Wissenschaften.<\/li><\/ul>\n\n\n\n<p>Wenn DAS nicht die wahren Probleme unserer tief in den 50er Jahren stehengebliebenen Gesellschaft sind, was dann?<\/p>\n\n\n\n<p>Anwalt geht mit der Zeit und wird sich als <mark style=\"background-color:rgba(0, 0, 0, 0);color:#7a0d0d\" class=\"has-inline-color\">\u201eDer Anwaltende\u201c<\/mark> k\u00fcnftig an die Spitze des Fortschritts stellen und \u00fcber die Sch\u00f6ne Neue Welt berichten.<\/p>\n\n\n\n<p>Erbarmungslos, ironisch, aber gnadenlos progressiv!<\/p>\n","protected":false},"excerpt":{"rendered":"<p>&#8222;Ist dies schon Wahnsinn, so hat es doch Methode&#8220; (Shakespeare, \u00bbHamlet\u00ab II, 2). Es ist ein wundersch\u00f6ner Fr\u00fchlingsmorgen, als ich das Geb\u00e4ude des OLG Jena betrete. Vor der Sicherheitsschleuse grinst der Gerichtsmitarbeiter mich breit an, als ich ihm meinen Anwaltsausweis zeige: \u201eAha, Sie sind ein Anwaltender!\u201c \u00c4\u00e4\u00e4\u00e4h\u2026. Pardon? \u201eJa, wir gehen doch jetzt mit der [&hellip;]<\/p>\n","protected":false},"author":1,"featured_media":0,"parent":0,"menu_order":0,"comment_status":"closed","ping_status":"closed","template":"","meta":[],"_links":{"self":[{"href":"https:\/\/der-anwaltende.de\/willkommen\/wp-json\/wp\/v2\/pages\/58"}],"collection":[{"href":"https:\/\/der-anwaltende.de\/willkommen\/wp-json\/wp\/v2\/pages"}],"about":[{"href":"https:\/\/der-anwaltende.de\/willkommen\/wp-json\/wp\/v2\/types\/page"}],"author":[{"embeddable":true,"href":"https:\/\/der-anwaltende.de\/willkommen\/wp-json\/wp\/v2\/users\/1"}],"replies":[{"embeddable":true,"href":"https:\/\/der-anwaltende.de\/willkommen\/wp-json\/wp\/v2\/comments?post=58"}],"version-history":[{"count":1,"href":"https:\/\/der-anwaltende.de\/willkommen\/wp-json\/wp\/v2\/pages\/58\/revisions"}],"predecessor-version":[{"id":59,"href":"https:\/\/der-anwaltende.de\/willkommen\/wp-json\/wp\/v2\/pages\/58\/revisions\/59"}],"wp:attachment":[{"href":"https:\/\/der-anwaltende.de\/willkommen\/wp-json\/wp\/v2\/media?parent=58"}],"curies":[{"name":"wp","href":"https:\/\/api.w.org\/{rel}","templated":true}]}}